{"id":1468,"date":"2024-09-26T11:19:06","date_gmt":"2024-09-26T09:19:06","guid":{"rendered":"https:\/\/www.ligo.cz\/gumowe-czesci-wyciagow-i-kolejek-linowych\/"},"modified":"2024-10-23T11:23:04","modified_gmt":"2024-10-23T09:23:04","slug":"gumowe-czesci-wyciagow-i-kolejek-linowych","status":"publish","type":"page","link":"https:\/\/www.ligo.cz\/pl\/gumowe-czesci-wyciagow-i-kolejek-linowych\/","title":{"rendered":"Gumowe cz\u0119\u015bci wyci\u0105g\u00f3w i kolejek linowych"},"content":{"rendered":"","protected":false},"excerpt":{"rendered":"","protected":false},"author":2,"featured_media":0,"parent":0,"menu_order":0,"comment_status":"closed","ping_status":"closed","template":"","meta":{"footnotes":""},"class_list":["post-1468","page","type-page","status-publish","hentry"],"yoast_head":"<!-- This site is optimized with the Yoast SEO plugin v24.5 - https:\/\/yoast.com\/wordpress\/plugins\/seo\/ -->\n<title>Gumowe cz\u0119\u015bci wyci\u0105g\u00f3w i kolejek linowych - LIGO - fabryka gumy<\/title>\n<meta name=\"robots\" content=\"index, follow, max-snippet:-1, max-image-preview:large, max-video-preview:-1\" \/>\n<link rel=\"canonical\" href=\"https:\/\/www.ligo.cz\/pl\/gumowe-czesci-wyciagow-i-kolejek-linowych\/\" \/>\n<meta property=\"og:locale\" content=\"pl_PL\" \/>\n<meta property=\"og:type\" content=\"article\" \/>\n<meta property=\"og:title\" content=\"Gumowe cz\u0119\u015bci wyci\u0105g\u00f3w i kolejek linowych - LIGO - fabryka gumy\" \/>\n<meta property=\"og:url\" content=\"https:\/\/www.ligo.cz\/pl\/gumowe-czesci-wyciagow-i-kolejek-linowych\/\" \/>\n<meta property=\"og:site_name\" content=\"LIGO - fabryka gumy\" \/>\n<meta property=\"article:modified_time\" content=\"2024-10-23T09:23:04+00:00\" \/>\n<meta name=\"twitter:card\" content=\"summary_large_image\" \/>\n<script type=\"application\/ld+json\" class=\"yoast-schema-graph\">{\"@context\":\"https:\/\/schema.org\",\"@graph\":[{\"@type\":\"WebPage\",\"@id\":\"https:\/\/www.ligo.cz\/pl\/gumowe-czesci-wyciagow-i-kolejek-linowych\/\",\"url\":\"https:\/\/www.ligo.cz\/pl\/gumowe-czesci-wyciagow-i-kolejek-linowych\/\",\"name\":\"Gumowe cz\u0119\u015bci wyci\u0105g\u00f3w i kolejek linowych - LIGO - fabryka gumy\",\"isPartOf\":{\"@id\":\"https:\/\/www.ligo.cz\/#website\"},\"datePublished\":\"2024-09-26T09:19:06+00:00\",\"dateModified\":\"2024-10-23T09:23:04+00:00\",\"breadcrumb\":{\"@id\":\"https:\/\/www.ligo.cz\/pl\/gumowe-czesci-wyciagow-i-kolejek-linowych\/#breadcrumb\"},\"inLanguage\":\"pl-PL\",\"potentialAction\":[{\"@type\":\"ReadAction\",\"target\":[\"https:\/\/www.ligo.cz\/pl\/gumowe-czesci-wyciagow-i-kolejek-linowych\/\"]}]},{\"@type\":\"BreadcrumbList\",\"@id\":\"https:\/\/www.ligo.cz\/pl\/gumowe-czesci-wyciagow-i-kolejek-linowych\/#breadcrumb\",\"itemListElement\":[{\"@type\":\"ListItem\",\"position\":1,\"name\":\"Home\",\"item\":\"https:\/\/www.ligo.cz\/pl\/ligo-homepage\/\"},{\"@type\":\"ListItem\",\"position\":2,\"name\":\"Gumowe cz\u0119\u015bci wyci\u0105g\u00f3w i kolejek linowych\"}]},{\"@type\":\"WebSite\",\"@id\":\"https:\/\/www.ligo.cz\/#website\",\"url\":\"https:\/\/www.ligo.cz\/\",\"name\":\"LIGO - gum\u00e1rna\",\"description\":\"\",\"publisher\":{\"@id\":\"https:\/\/www.ligo.cz\/#organization\"},\"potentialAction\":[{\"@type\":\"SearchAction\",\"target\":{\"@type\":\"EntryPoint\",\"urlTemplate\":\"https:\/\/www.ligo.cz\/?s={search_term_string}\"},\"query-input\":{\"@type\":\"PropertyValueSpecification\",\"valueRequired\":true,\"valueName\":\"search_term_string\"}}],\"inLanguage\":\"pl-PL\"},{\"@type\":\"Organization\",\"@id\":\"https:\/\/www.ligo.cz\/#organization\",\"name\":\"LIGO - gum\u00e1rna\",\"url\":\"https:\/\/www.ligo.cz\/\",\"logo\":{\"@type\":\"ImageObject\",\"inLanguage\":\"pl-PL\",\"@id\":\"https:\/\/www.ligo.cz\/#\/schema\/logo\/image\/\",\"url\":\"https:\/\/www.ligo.cz\/wp-content\/uploads\/2024\/09\/logo.png\",\"contentUrl\":\"https:\/\/www.ligo.cz\/wp-content\/uploads\/2024\/09\/logo.png\",\"width\":154,\"height\":74,\"caption\":\"LIGO - gum\u00e1rna\"},\"image\":{\"@id\":\"https:\/\/www.ligo.cz\/#\/schema\/logo\/image\/\"}}]}<\/script>\n<!-- \/ Yoast SEO plugin. -->","yoast_head_json":{"title":"Gumowe cz\u0119\u015bci wyci\u0105g\u00f3w i kolejek linowych - LIGO - fabryka gumy","robots":{"index":"index","follow":"follow","max-snippet":"max-snippet:-1","max-image-preview":"max-image-preview:large","max-video-preview":"max-video-preview:-1"},"canonical":"https:\/\/www.ligo.cz\/pl\/gumowe-czesci-wyciagow-i-kolejek-linowych\/","og_locale":"pl_PL","og_type":"article","og_title":"Gumowe cz\u0119\u015bci wyci\u0105g\u00f3w i kolejek linowych - LIGO - fabryka gumy","og_url":"https:\/\/www.ligo.cz\/pl\/gumowe-czesci-wyciagow-i-kolejek-linowych\/","og_site_name":"LIGO - fabryka gumy","article_modified_time":"2024-10-23T09:23:04+00:00","twitter_card":"summary_large_image","schema":{"@context":"https:\/\/schema.org","@graph":[{"@type":"WebPage","@id":"https:\/\/www.ligo.cz\/pl\/gumowe-czesci-wyciagow-i-kolejek-linowych\/","url":"https:\/\/www.ligo.cz\/pl\/gumowe-czesci-wyciagow-i-kolejek-linowych\/","name":"Gumowe cz\u0119\u015bci wyci\u0105g\u00f3w i kolejek linowych - LIGO - fabryka gumy","isPartOf":{"@id":"https:\/\/www.ligo.cz\/#website"},"datePublished":"2024-09-26T09:19:06+00:00","dateModified":"2024-10-23T09:23:04+00:00","breadcrumb":{"@id":"https:\/\/www.ligo.cz\/pl\/gumowe-czesci-wyciagow-i-kolejek-linowych\/#breadcrumb"},"inLanguage":"pl-PL","potentialAction":[{"@type":"ReadAction","target":["https:\/\/www.ligo.cz\/pl\/gumowe-czesci-wyciagow-i-kolejek-linowych\/"]}]},{"@type":"BreadcrumbList","@id":"https:\/\/www.ligo.cz\/pl\/gumowe-czesci-wyciagow-i-kolejek-linowych\/#breadcrumb","itemListElement":[{"@type":"ListItem","position":1,"name":"Home","item":"https:\/\/www.ligo.cz\/pl\/ligo-homepage\/"},{"@type":"ListItem","position":2,"name":"Gumowe cz\u0119\u015bci wyci\u0105g\u00f3w i kolejek linowych"}]},{"@type":"WebSite","@id":"https:\/\/www.ligo.cz\/#website","url":"https:\/\/www.ligo.cz\/","name":"LIGO - gum\u00e1rna","description":"","publisher":{"@id":"https:\/\/www.ligo.cz\/#organization"},"potentialAction":[{"@type":"SearchAction","target":{"@type":"EntryPoint","urlTemplate":"https:\/\/www.ligo.cz\/?s={search_term_string}"},"query-input":{"@type":"PropertyValueSpecification","valueRequired":true,"valueName":"search_term_string"}}],"inLanguage":"pl-PL"},{"@type":"Organization","@id":"https:\/\/www.ligo.cz\/#organization","name":"LIGO - gum\u00e1rna","url":"https:\/\/www.ligo.cz\/","logo":{"@type":"ImageObject","inLanguage":"pl-PL","@id":"https:\/\/www.ligo.cz\/#\/schema\/logo\/image\/","url":"https:\/\/www.ligo.cz\/wp-content\/uploads\/2024\/09\/logo.png","contentUrl":"https:\/\/www.ligo.cz\/wp-content\/uploads\/2024\/09\/logo.png","width":154,"height":74,"caption":"LIGO - gum\u00e1rna"},"image":{"@id":"https:\/\/www.ligo.cz\/#\/schema\/logo\/image\/"}}]}},"_links":{"self":[{"href":"https:\/\/www.ligo.cz\/pl\/wp-json\/wp\/v2\/pages\/1468","targetHints":{"allow":["GET"]}}],"collection":[{"href":"https:\/\/www.ligo.cz\/pl\/wp-json\/wp\/v2\/pages"}],"about":[{"href":"https:\/\/www.ligo.cz\/pl\/wp-json\/wp\/v2\/types\/page"}],"author":[{"embeddable":true,"href":"https:\/\/www.ligo.cz\/pl\/wp-json\/wp\/v2\/users\/2"}],"replies":[{"embeddable":true,"href":"https:\/\/www.ligo.cz\/pl\/wp-json\/wp\/v2\/comments?post=1468"}],"version-history":[{"count":2,"href":"https:\/\/www.ligo.cz\/pl\/wp-json\/wp\/v2\/pages\/1468\/revisions"}],"predecessor-version":[{"id":1501,"href":"https:\/\/www.ligo.cz\/pl\/wp-json\/wp\/v2\/pages\/1468\/revisions\/1501"}],"wp:attachment":[{"href":"https:\/\/www.ligo.cz\/pl\/wp-json\/wp\/v2\/media?parent=1468"}],"curies":[{"name":"wp","href":"https:\/\/api.w.org\/{rel}","templated":true}]}}